{"id":912,"date":"2020-10-22T08:01:35","date_gmt":"2020-10-22T08:01:35","guid":{"rendered":"https:\/\/symplify.com\/?page_id=912"},"modified":"2024-10-08T15:19:12","modified_gmt":"2024-10-08T15:19:12","slug":"conditions-dutilisation","status":"publish","type":"page","link":"https:\/\/symplify.com\/fr\/conditions-dutilisation\/","title":{"rendered":"Conditions d&rsquo;utilisation"},"content":{"rendered":"<h2 class=\"infopageheader\">Conditions d&rsquo;utilisation<\/h2>\n<p class=\"paragraph-13\">Veuillez lire attentivement ces Conditions d&rsquo;utilisation (\u00ab Conditions \u00bb, \u00ab Conditions d&rsquo;utilisation \u00bb) avant d&rsquo;utiliser le site Web https:\/\/symplify.com (le \u00ab Service \u00bb) exploit\u00e9 par Symplify Conversion AB (\u00ab nos \u00bb, \u00ab nous \u00bb ou \u00ab nos \u00bb). Votre acc\u00e8s et votre utilisation du Service sont conditionn\u00e9s par votre acceptation et votre respect des pr\u00e9sentes Conditions. Ces Conditions s&rsquo;appliquent \u00e0 tous les visiteurs, utilisateurs et autres personnes qui acc\u00e8dent ou utilisent le Service.<\/p>\n<p class=\"paragraph-13\">En acc\u00e9dant ou en utilisant le Service, vous acceptez d&rsquo;\u00eatre li\u00e9 par ces Conditions. Si vous n&rsquo;\u00eates pas d&rsquo;accord avec une partie des conditions, vous ne pouvez pas acc\u00e9der au service.<\/p>\n<h4>Contenu<\/h4>\n<p>\u200dNotre service vous permet de publier, de lier, de stocker, de partager et de mettre \u00e0 disposition de toute autre mani\u00e8re certaines informations, textes, graphiques, vid\u00e9os ou autres \u00e9l\u00e9ments (\u00ab Contenu \u00bb). Vous \u00eates responsable du Contenu que vous publiez sur le Service, y compris sa l\u00e9galit\u00e9, sa fiabilit\u00e9 et sa pertinence.En publiant du Contenu sur le Service, vous nous accordez le droit et la licence d&rsquo;utiliser, de modifier, d&rsquo;ex\u00e9cuter publiquement, d&rsquo;afficher publiquement, de reproduire et distribuer ce Contenu sur et via le Service. Vous conservez tous vos droits sur tout Contenu que vous soumettez, publiez ou affichez sur ou via le Service et vous \u00eates responsable de la protection de ces droits. Vous acceptez que cette licence nous donne le droit de mettre votre Contenu \u00e0 la disposition d&rsquo;autres utilisateurs du Service, qui peuvent \u00e9galement utiliser votre Contenu sous r\u00e9serve des pr\u00e9sentes Conditions.Vous d\u00e9clarez et garantissez que : (i) le Contenu vous appartient (vous en \u00eates le propri\u00e9taire) ) ou vous avez le droit de l&rsquo;utiliser et de nous accorder les droits et la licence pr\u00e9vus par les pr\u00e9sentes Conditions, et (ii) la publication de votre Contenu sur ou via le Service ne viole pas les droits \u00e0 la vie priv\u00e9e, les droits de publicit\u00e9, les droits d&rsquo;auteur, les droits contractuels ou tout autre droit de toute personne.<\/p>\n<h4>Comptes<\/h4>\n<p><strong>\u200d<\/strong>Lorsque vous cr\u00e9ez un compte chez nous, vous devez nous fournir \u00e0 tout moment des informations exactes, compl\u00e8tes et \u00e0 jour. Si vous ne le faites pas, cela constitue une violation des Conditions, ce qui peut entra\u00eener la r\u00e9siliation imm\u00e9diate de votre compte sur notre Service. Vous \u00eates responsable de la protection du mot de passe que vous utilisez pour acc\u00e9der au Service et de toutes les activit\u00e9s ou actions sous votre mot de passe. Le mot de passe appartient \u00e0 notre service ou \u00e0 un service tiers. Vous acceptez de ne divulguer votre mot de passe \u00e0 aucun tiers. Vous devez nous informer imm\u00e9diatement d\u00e8s que vous prenez connaissance d&rsquo;une violation de la s\u00e9curit\u00e9 ou d&rsquo;une utilisation non autoris\u00e9e de votre compte. Vous ne pouvez pas utiliser comme nom d&rsquo;utilisateur le nom d&rsquo;une autre personne ou entit\u00e9 ou qui n&rsquo;est pas l\u00e9galement disponible \u00e0 l&rsquo;utilisation, un nom ou une marque qui est sous r\u00e9serve des droits d&rsquo;une autre personne ou entit\u00e9 autre que vous sans autorisation appropri\u00e9e, ou d&rsquo;un nom autrement offensant, vulgaire ou obsc\u00e8ne.<\/p>\n<h4>\u200dPropri\u00e9t\u00e9 intellectuelle<\/h4>\n<p><strong>\u200d<\/strong>Le Service et son contenu d&rsquo;origine (\u00e0 l&rsquo;exclusion du Contenu fourni par les utilisateurs), ses caract\u00e9ristiques et fonctionnalit\u00e9s sont et resteront la propri\u00e9t\u00e9 exclusive de \u00ab Symplify \u00bb et de ses conc\u00e9dants de licence. Le Service est prot\u00e9g\u00e9 par le droit d&rsquo;auteur, les marques de commerce et d&rsquo;autres lois de la Su\u00e8de, du Canada et des pays \u00e9trangers. Nos marques d\u00e9pos\u00e9es et notre marque commerciale ne peuvent \u00eatre utilis\u00e9es en relation avec un produit ou service sans le consentement \u00e9crit pr\u00e9alable de \u00ab Symplify \u00bb.<\/p>\n<h4>\u200dLiens vers d&rsquo;autres sites Web<\/h4>\n<p>Notre service peut contenir des liens vers des sites Web ou des services tiers qui ne sont pas d\u00e9tenus ou contr\u00f4l\u00e9s par \u00ab\u00a0Symplify\u00a0\u00bb. \u00ab\u00a0Symplify\u00a0\u00bb n&rsquo;a aucun contr\u00f4le sur, et n&rsquo;assume aucune responsabilit\u00e9 pour, le contenu, les politiques de confidentialit\u00e9 ou les pratiques de tout tiers sites Web ou services. Vous reconnaissez et acceptez \u00e9galement que \u00ab&nbsp;Symplify&nbsp;\u00bb ne sera pas responsable, directement ou indirectement, de tout dommage ou perte caus\u00e9 ou suppos\u00e9 \u00eatre caus\u00e9 par ou en relation avec l&rsquo;utilisation ou la d\u00e9pendance \u00e0 l&rsquo;\u00e9gard de tels contenus, biens ou services disponibles sur ou par le biais de ces sites Web ou services. Nous vous conseillons fortement de lire les conditions g\u00e9n\u00e9rales et les politiques de confidentialit\u00e9 des sites Web ou services tiers que vous visitez.<\/p>\n<h4>\u200dR\u00e8gles de service<\/h4>\n<p>Vous acceptez de ne vous engager dans aucune des activit\u00e9s interdites suivantes : (i)&nbsp;copier, distribuer ou divulguer toute partie du Service sur quelque support que ce soit, y compris, sans limitation, par tout \u00ab grattage \u00bb automatis\u00e9 ou non; (ii)&nbsp;utiliser tout syst\u00e8me automatis\u00e9, y compris, sans limitation, des \u00ab robots \u00bb, des \u00ab araign\u00e9es \u00bb, des \u00ab lecteurs hors ligne \u00bb, etc., pour acc\u00e9der au service d&rsquo;une mani\u00e8re qui envoie aux serveurs de conversion Symplify plus de messages de demande qu&rsquo;un humain ne peut raisonnablement produire au cours de la m\u00eame p\u00e9riode en utilisant un navigateur Web classique en ligne; (iii)&nbsp;transmettre du spam, des cha\u00eenes de lettres ou tout autre e-mail non sollicit\u00e9; (iv)&nbsp;tenter d&rsquo;interf\u00e9rer avec, compromettre l&rsquo;int\u00e9grit\u00e9 ou la s\u00e9curit\u00e9 du syst\u00e8me ou d\u00e9chiffrer toute transmission vers ou depuis les serveurs ex\u00e9cutant le Service; (v)&nbsp;prendre toute mesure qui impose ou peut imposer \u00e0 notre seule discr\u00e9tion une charge d\u00e9raisonnable ou disproportionn\u00e9e sur notre infrastructure; (vi)&nbsp;t\u00e9l\u00e9charger des donn\u00e9es invalides, des virus, des vers ou d&rsquo;autres agents logiciels via le Service; (vii)&nbsp;collecter ou r\u00e9colter toute information personnellement identifiable, y compris les noms de compte, du Service; (viii)&nbsp;utiliser le Service \u00e0 des fins de sollicitation commerciale; (ix)&nbsp;usurper l&rsquo;identit\u00e9 d&rsquo;une autre personne ou d\u00e9naturer autrement votre affiliation avec une personne ou une entit\u00e9, frauder, cacher ou tenter de cacher votre identit\u00e9; (x)&nbsp;interf\u00e9rer avec le bon fonctionnement du Service; (xi)&nbsp;acc\u00e9der \u00e0 tout contenu du Service par le biais de toute technologie ou moyen autre que ceux fournis ou autoris\u00e9s par le Service; ou (xii)&nbsp;contourner les mesures que nous pouvons utiliser pour emp\u00eacher ou restreindre l&rsquo;acc\u00e8s au Service, y compris, sans limitation, les fonctionnalit\u00e9s qui emp\u00eachent ou restreignent l&rsquo;utilisation ou la copie de tout contenu ou imposent des limitations sur l&rsquo;utilisation du Service ou du contenu qu&rsquo;il contient.<\/p>\n<h4>\u200dR\u00e9siliation<\/h4>\n<p>Nous pouvons r\u00e9silier ou suspendre votre compte imm\u00e9diatement, sans pr\u00e9avis ni responsabilit\u00e9, pour quelque raison que ce soit, y compris sans limitation si vous enfreignez les Conditions. \u00c0 la r\u00e9siliation, votre droit d&rsquo;utiliser le Service cessera imm\u00e9diatement.<\/p>\n<h4>\u200dLimitation de responsabilit\u00e9<\/h4>\n<p>En aucun cas Symplify Conversion AB, ni ses administrateurs, employ\u00e9s, partenaires, agents, fournisseurs ou soci\u00e9t\u00e9s affili\u00e9es, ne sera responsable de tout dommage indirect, fortuit, sp\u00e9cial, cons\u00e9cutif ou punitif, y compris, sans limitation, la perte de b\u00e9n\u00e9fices, les donn\u00e9es, l&rsquo;utilisation, la survaleur ou d&rsquo;autres pertes intangibles r\u00e9sultant de (i)&nbsp;votre acc\u00e8s ou votre utilisation ou votre incapacit\u00e9 d&rsquo;acc\u00e9der ou d&rsquo;utiliser le Service; (ii)&nbsp;tout comportement ou contenu d&rsquo;un tiers sur le Service; (iii)&nbsp;tout contenu obtenu \u00e0 partir du Service; et (iv)&nbsp;l&rsquo;acc\u00e8s, l&rsquo;utilisation ou la modification non autoris\u00e9s de vos transmissions ou de votre contenu, que ce soit sur la base d&rsquo;une garantie, d&rsquo;un contrat, d&rsquo;un d\u00e9lit (y compris la n\u00e9gligence) ou de toute autre th\u00e9orie juridique, que nous ayons \u00e9t\u00e9 inform\u00e9s ou non de la possibilit\u00e9 de tels dommages, et m\u00eame s&rsquo;il s&rsquo;av\u00e8re qu&rsquo;un recours \u00e9nonc\u00e9 dans les pr\u00e9sentes a \u00e9chou\u00e9 dans son objectif essentiel.<\/p>\n<h4>\u200dAvertissement<\/h4>\n<p><strong>\u200d<\/strong>Votre utilisation du Service est \u00e0 vos risques et p\u00e9rils. Le Service est fourni \u00ab TEL QUEL \u00bb et \u00ab TEL QUE DISPONIBLE \u00bb. Le Service est fourni sans garantie d&rsquo;aucune sorte, expresse ou implicite, y compris, mais sans s&rsquo;y limiter, les garanties implicites de qualit\u00e9 marchande, d&rsquo;ad\u00e9quation \u00e0 un usage particulier, de non-contrefa\u00e7on ou de performance. \u00ab Symplify \u00bb et ses filiales, soci\u00e9t\u00e9s affili\u00e9es et ses conc\u00e9dants de licence ne garantissent pas que a) le Service fonctionnera de mani\u00e8re ininterrompue, s\u00e9curis\u00e9e ou disponible \u00e0 un moment ou un endroit particulier; b) toute erreur ou d\u00e9faut sera corrig\u00e9; c) le Service est exempt de virus ou d&rsquo;autres composants nuisibles; ou d) les r\u00e9sultats de l&rsquo;utilisation du Service r\u00e9pondront \u00e0 vos besoins.<\/p>\n<h4>Loi applicable<\/h4>\n<p>Ces Conditions seront r\u00e9gies et interpr\u00e9t\u00e9es conform\u00e9ment aux lois de la Su\u00e8de et du Canada, sans \u00e9gard \u00e0 ses dispositions en mati\u00e8re de conflit de lois. Si une disposition des pr\u00e9sentes Conditions est jug\u00e9e invalide ou inapplicable par un tribunal, les autres dispositions des pr\u00e9sentes Conditions resteront en vigueur. Ces Conditions constituent l&rsquo;int\u00e9gralit\u00e9 de l&rsquo;accord entre nous concernant notre Service, et remplacent et remplacent tout accord ant\u00e9rieur que nous pourrions avoir entre nous concernant le Service.<\/p>\n<h4>\u200dChangements<\/h4>\n<p>Nous nous r\u00e9servons le droit, \u00e0 notre seule discr\u00e9tion, de modifier ou de remplacer ces conditions \u00e0 tout moment. Si une r\u00e9vision est importante, nous essaierons de fournir un pr\u00e9avis d&rsquo;au moins 15 jours avant l&rsquo;entr\u00e9e en vigueur de toute nouvelle condition. Ce qui constitue un changement important sera d\u00e9termin\u00e9 \u00e0 notre seule discr\u00e9tion. En continuant \u00e0 acc\u00e9der ou \u00e0 utiliser notre service apr\u00e8s que ces r\u00e9visions sont entr\u00e9es en vigueur, vous acceptez d&rsquo;\u00eatre li\u00e9 par les conditions r\u00e9vis\u00e9es. Si vous n&rsquo;acceptez pas les nouvelles conditions, veuillez cesser d&rsquo;utiliser le Service.<\/p>\n<h4>\u200dNous contacter<\/h4>\n<p>Si vous avez des questions sur ces conditions, veuillez nous contacter.<\/p>\n","protected":false},"excerpt":{"rendered":"<p>Conditions d&rsquo;utilisation Veuillez lire attentivement ces Conditions d&rsquo;utilisation (\u00ab Conditions \u00bb, \u00ab Conditions d&rsquo;utilisation \u00bb) avant d&rsquo;utiliser le site Web  [&#8230;]<\/p>\n","protected":false},"author":1,"featured_media":0,"parent":0,"menu_order":0,"comment_status":"closed","ping_status":"closed","template":"","meta":{"inline_featured_image":false,"footnotes":""},"class_list":["post-912","page","type-page","status-publish","hentry"],"_links":{"self":[{"href":"https:\/\/symplify.com\/fr\/wp-json\/wp\/v2\/pages\/912","targetHints":{"allow":["GET"]}}],"collection":[{"href":"https:\/\/symplify.com\/fr\/wp-json\/wp\/v2\/pages"}],"about":[{"href":"https:\/\/symplify.com\/fr\/wp-json\/wp\/v2\/types\/page"}],"author":[{"embeddable":true,"href":"https:\/\/symplify.com\/fr\/wp-json\/wp\/v2\/users\/1"}],"replies":[{"embeddable":true,"href":"https:\/\/symplify.com\/fr\/wp-json\/wp\/v2\/comments?post=912"}],"version-history":[{"count":8,"href":"https:\/\/symplify.com\/fr\/wp-json\/wp\/v2\/pages\/912\/revisions"}],"predecessor-version":[{"id":10853,"href":"https:\/\/symplify.com\/fr\/wp-json\/wp\/v2\/pages\/912\/revisions\/10853"}],"wp:attachment":[{"href":"https:\/\/symplify.com\/fr\/wp-json\/wp\/v2\/media?parent=912"}],"curies":[{"name":"wp","href":"https:\/\/api.w.org\/{rel}","templated":true}]}}