{"id":894,"date":"2020-10-22T06:39:14","date_gmt":"2020-10-22T06:39:14","guid":{"rendered":"https:\/\/symplify.com\/a-propos-de-nous\/"},"modified":"2026-01-22T14:07:24","modified_gmt":"2026-01-22T14:07:24","slug":"nos-services","status":"publish","type":"page","link":"https:\/\/symplify.com\/fr\/nos-services\/","title":{"rendered":"\u00c0 propos"},"content":{"rendered":"<p><div class=\"fusion-fullwidth fullwidth-box fusion-builder-row-1 fusion-flex-container fusion-parallax-none nonhundred-percent-fullwidth hundred-percent-height hundred-percent-height-center-content non-hundred-percent-height-scrolling\" style=\"--awb-border-radius-top-left:0px;--awb-border-radius-top-right:0px;--awb-border-radius-bottom-right:0px;--awb-border-radius-bottom-left:0px;--awb-background-image:url(&quot;https:\/\/symplify.com\/wp-content\/uploads\/2020\/10\/About-us-hero-bg.png&quot;);--awb-background-size:cover;--awb-flex-wrap:wrap;\" ><div class=\"fusion-builder-row fusion-row fusion-flex-align-items-center fusion-flex-content-wrap\" style=\"max-width:1144px;margin-left: calc(-4% \/ 2 );margin-right: calc(-4% \/ 2 );\"><div class=\"fusion-layout-column fusion_builder_column fusion-builder-column-0 fusion_builder_column_1_1 1_1 fusion-flex-column\" style=\"--awb-bg-size:cover;--awb-width-large:100%;--awb-margin-top-large:0px;--awb-spacing-right-large:1.92%;--awb-margin-bottom-large:20px;--awb-spacing-left-large:1.92%;--awb-width-medium:100%;--awb-order-medium:0;--awb-spacing-right-medium:1.92%;--awb-spacing-left-medium:1.92%;--awb-width-small:100%;--awb-order-small:0;--awb-spacing-right-small:1.92%;--awb-spacing-left-small:1.92%;\"><div class=\"fusion-column-wrapper fusion-column-has-shadow fusion-flex-justify-content-flex-start fusion-content-layout-column\"><div class=\"fusion-title title fusion-title-1 fusion-sep-none fusion-title-center fusion-title-text fusion-title-size-one\"><h1 class=\"fusion-title-heading title-heading-center\" style=\"margin:0;\">Nos services<\/h1><\/div><\/div><\/div><\/div><\/div><div class=\"fusion-fullwidth fullwidth-box fusion-builder-row-2 fusion-flex-container nonhundred-percent-fullwidth non-hundred-percent-height-scrolling\" style=\"--awb-border-radius-top-left:0px;--awb-border-radius-top-right:0px;--awb-border-radius-bottom-right:0px;--awb-border-radius-bottom-left:0px;--awb-flex-wrap:wrap;\" ><div class=\"fusion-builder-row fusion-row fusion-flex-align-items-flex-start fusion-flex-content-wrap\" style=\"max-width:1144px;margin-left: calc(-4% \/ 2 );margin-right: calc(-4% \/ 2 );\"><div class=\"fusion-layout-column fusion_builder_column fusion-builder-column-1 fusion_builder_column_3_5 3_5 fusion-flex-column\" style=\"--awb-bg-size:cover;--awb-width-large:60%;--awb-margin-top-large:0px;--awb-spacing-right-large:3.2%;--awb-margin-bottom-large:20px;--awb-spacing-left-large:3.2%;--awb-width-medium:60%;--awb-order-medium:0;--awb-spacing-right-medium:3.2%;--awb-spacing-left-medium:3.2%;--awb-width-small:100%;--awb-order-small:0;--awb-spacing-right-small:1.92%;--awb-spacing-left-small:1.92%;\"><div class=\"fusion-column-wrapper fusion-column-has-shadow fusion-flex-justify-content-flex-start fusion-content-layout-column\"><div class=\"fusion-title title fusion-title-2 fusion-sep-none fusion-title-text fusion-title-size-three\" style=\"--awb-font-size:24px;\"><h3 class=\"fusion-title-heading title-heading-left\" style=\"margin:0;font-size:1em;line-height:30px;\">Symplify c\u2019est deux solutions. Une solution Communications via une plateforme de <a href=\"https:\/\/symplify.com\/fr\/blog\/les-4-niveaux-de-maturite-en-marketing-relationnel\/\">marketing relationnel<\/a> omnicanal. Une solution Conversion via une plateforme qui permet l\u2019analyse comportementale des visiteurs de votre site web vous permettant ainsi d\u2019optimiser votre taux de conversion.<\/h3><\/div><div class=\"fusion-text fusion-text-1\"><p><strong><a href=\"https:\/\/symplify.com\/fr\/?page_id=446\">Symplify Communication<\/a> <\/strong><\/p>\n<p>Notre solution de communication met \u00e0 votre disposition 8 <a href=\"https:\/\/symplify.com\/fr\/blog\/multipliez-les-canaux-de-communication-avec-vos-clients\/\" target=\"_blank\" rel=\"noopener\">canaux de communication<\/a>, dont le courriel, le SMS, les notifications web, les notifications sur application mobile, le reciblage sur les m\u00e9dias sociaux, les microsites, les communications imprim\u00e9es et les messages vocaux. G\u00e9rez vos parcours clients gr\u00e2ce \u00e0 un outil robuste et facile \u00e0 prendre en main pour cr\u00e9er des parcours efficaces. Scrutez votre base de donn\u00e9es avec notre puissant outil de segmentation qui vous dira qui, quand et pourquoi. Gagnez du temps avec un seul \u00e9diteur de contenu pour une autonomisation compl\u00e8te sur plusieurs canaux. &#x200d;<\/p>\n<p><strong><a href=\"https:\/\/symplify.com\/fr\/?page_id=902\">Symplify Conversion<\/a> <\/strong><\/p>\n<p>Notre solution de conversion vous permet d&rsquo;effectuer des tests AB en temps r\u00e9el vous procurant de pr\u00e9cieuses informations sur la conversion de votre site web. Vous pouvez effectuer une analyse comportementale de votre site web via les tests AB mais \u00e9galement via des heatmaps, un affichage personnalis\u00e9, des enregistrements de session, des sondages et des popups. Aucune connaissance de programmation n\u2019est n\u00e9cessaire. Prenez des d\u00e9cisions \u00e9clair\u00e9es gr\u00e2ce aux donn\u00e9es obtenues d\u00e8s votre tout premier test.<\/p>\n<p>On retrouve le si\u00e8ge social de Symplify \u00e0 Stockholm et des bureaux satellites au Canada, au Danemark, \u00e0 Hong Kong et \u00e0 Malte. Symplify fournit une solution en ligne pour l\u2019<a href=\"https:\/\/symplify.com\/fr\/blog\/pourquoi-opter-pour-automatisation-marketing-multicanal\/\" target=\"_blank\" rel=\"noopener\">automatisation du marketing<\/a>, le CRM &amp; le CRO. Fort de vingt ans d\u2019exp\u00e9rience sur le web, nous simplifions syst\u00e9matiquement l\u2019exp\u00e9rience utilisateur. Nos clients actuels incluent Fizz, Bota Bota, Oxfam Qu\u00e9bec, Ticket Pro, AFMQ et bien d\u2019autres.<\/p>\n<\/div><\/div><\/div><div class=\"fusion-layout-column fusion_builder_column fusion-builder-column-2 fusion_builder_column_2_5 2_5 fusion-flex-column\" style=\"--awb-bg-size:cover;--awb-width-large:40%;--awb-margin-top-large:0px;--awb-spacing-right-large:4.8%;--awb-margin-bottom-large:20px;--awb-spacing-left-large:4.8%;--awb-width-medium:40%;--awb-order-medium:0;--awb-spacing-right-medium:4.8%;--awb-spacing-left-medium:4.8%;--awb-width-small:100%;--awb-order-small:0;--awb-spacing-right-small:1.92%;--awb-spacing-left-small:1.92%;\"><div class=\"fusion-column-wrapper fusion-column-has-shadow fusion-flex-justify-content-flex-start fusion-content-layout-column\"><div class=\"fusion-title title fusion-title-3 fusion-sep-none fusion-title-text fusion-title-size-three\" style=\"--awb-font-size:24px;\"><h3 class=\"fusion-title-heading title-heading-left\" style=\"margin:0;font-size:1em;line-height:30px;\">Nos bureaux<\/h3><\/div><div class=\"fusion-text fusion-text-2 p-about-us\" style=\"--awb-font-size:14px;--awb-line-height:20px;\"><p><strong>&#x200d;<\/strong><strong>Montr\u00e9al<br \/>\n<\/strong>+1 800 417-9879<br \/>\n<a class=\"symplink\" href=\"https:\/\/goo.gl\/maps\/9g7xriBKq86DrXFH8\" target=\"_blank\" rel=\"noopener noreferrer\">403-430, rue Sainte-H\u00e9l\u00e8ne<br \/>\nMontr\u00e9al, QC H2Y 2K7<br \/>\n<\/a><a href=\"mailto:contact.ca@symplify.com\">contact.ca@symplify.com<\/a><\/p>\n<p><strong>Toronto<br \/>\n<\/strong>+1 800 417-9879<br \/>\n<a href=\"mailto:contact.ca@symplify.com\">contact.ca@symplify.com<\/a><\/p>\n<p><strong>Stockholm<br \/>\n<\/strong>+46 8 505 721 00<br \/>\n<a class=\"symplink\" href=\"https:\/\/www.google.se\/maps\/place\/Symplify\/@59.3336669,18.0591496,17z\/data=!4m5!3m4!1s0x465f9d5d8f7645e3:0xe78cb0c8b84115a4!8m2!3d59.3336669!4d18.0613383\" target=\"_blank\" rel=\"noopener noreferrer\">55 Drottninggatan, Stockholm, 111 21<\/a><\/p>\n<p><strong>Copenhague<br \/>\n<\/strong>+45 31 21 02 02<br \/>\n<a class=\"symplink\" href=\"https:\/\/goo.gl\/maps\/Xveh52kFdNG8yhdN9\" target=\"_blank\" rel=\"noopener noreferrer\">5 Skudehavnsvej Nordhavn, K\u00f8benhavn, 2150<br \/>\n<\/a><\/p>\n<p>&#x200d;<strong>Hong Kong<\/strong><br \/>\n<a class=\"symplink\" href=\"https:\/\/symplify.com\/about-fr#\" target=\"_blank\" rel=\"noopener noreferrer\">75 Mody Rd Unit 706, 7\/F., South Seas Centre, Tower 2<br \/>\nTsim Sha Tsui East, Hong Kong<br \/>\n<\/a><\/p>\n<p><strong>Malte<\/strong><br \/>\n<a class=\"symplink\" href=\"https:\/\/symplify.com\/about-fr#\" target=\"_blank\" rel=\"noopener noreferrer\">98 Triq il-Kappillan Magri, Il-Mellie\u0127a, 15<\/a><\/p>\n<\/div><\/div><\/div><\/div><\/div><\/p>\n","protected":false},"excerpt":{"rendered":"","protected":false},"author":1,"featured_media":0,"parent":0,"menu_order":0,"comment_status":"closed","ping_status":"closed","template":"100-width.php","meta":{"inline_featured_image":false,"footnotes":""},"class_list":["post-894","page","type-page","status-publish","hentry"],"_links":{"self":[{"href":"https:\/\/symplify.com\/fr\/wp-json\/wp\/v2\/pages\/894","targetHints":{"allow":["GET"]}}],"collection":[{"href":"https:\/\/symplify.com\/fr\/wp-json\/wp\/v2\/pages"}],"about":[{"href":"https:\/\/symplify.com\/fr\/wp-json\/wp\/v2\/types\/page"}],"author":[{"embeddable":true,"href":"https:\/\/symplify.com\/fr\/wp-json\/wp\/v2\/users\/1"}],"replies":[{"embeddable":true,"href":"https:\/\/symplify.com\/fr\/wp-json\/wp\/v2\/comments?post=894"}],"version-history":[{"count":19,"href":"https:\/\/symplify.com\/fr\/wp-json\/wp\/v2\/pages\/894\/revisions"}],"predecessor-version":[{"id":12512,"href":"https:\/\/symplify.com\/fr\/wp-json\/wp\/v2\/pages\/894\/revisions\/12512"}],"wp:attachment":[{"href":"https:\/\/symplify.com\/fr\/wp-json\/wp\/v2\/media?parent=894"}],"curies":[{"name":"wp","href":"https:\/\/api.w.org\/{rel}","templated":true}]}}