{"id":8762,"date":"2023-07-25T19:10:55","date_gmt":"2023-07-25T19:10:55","guid":{"rendered":"https:\/\/symplify.com\/?page_id=8762"},"modified":"2024-09-09T18:42:11","modified_gmt":"2024-09-09T18:42:11","slug":"a-propos","status":"publish","type":"page","link":"https:\/\/symplify.com\/fr\/a-propos\/","title":{"rendered":"\u00c0 propos"},"content":{"rendered":"<p><div class=\"fusion-fullwidth fullwidth-box fusion-builder-row-1 fusion-flex-container has-pattern-background has-mask-background nonhundred-percent-fullwidth non-hundred-percent-height-scrolling\" style=\"--awb-border-radius-top-left:0px;--awb-border-radius-top-right:0px;--awb-border-radius-bottom-right:0px;--awb-border-radius-bottom-left:0px;--awb-flex-wrap:wrap;\" ><div class=\"fusion-builder-row fusion-row fusion-flex-align-items-flex-start fusion-flex-content-wrap\" style=\"max-width:1144px;margin-left: calc(-4% \/ 2 );margin-right: calc(-4% \/ 2 );\"><div class=\"fusion-layout-column fusion_builder_column fusion-builder-column-0 fusion_builder_column_1_1 1_1 fusion-flex-column\" style=\"--awb-bg-size:cover;--awb-width-large:100%;--awb-margin-top-large:0px;--awb-spacing-right-large:1.92%;--awb-margin-bottom-large:20px;--awb-spacing-left-large:1.92%;--awb-width-medium:100%;--awb-order-medium:0;--awb-spacing-right-medium:1.92%;--awb-spacing-left-medium:1.92%;--awb-width-small:100%;--awb-order-small:0;--awb-spacing-right-small:1.92%;--awb-spacing-left-small:1.92%;\"><div class=\"fusion-column-wrapper fusion-column-has-shadow fusion-flex-justify-content-flex-start fusion-content-layout-column\"><\/div><\/div><\/div><\/div><div class=\"fusion-fullwidth fullwidth-box fusion-builder-row-2 fusion-flex-container has-pattern-background has-mask-background nonhundred-percent-fullwidth non-hundred-percent-height-scrolling\" style=\"--awb-border-radius-top-left:0px;--awb-border-radius-top-right:0px;--awb-border-radius-bottom-right:0px;--awb-border-radius-bottom-left:0px;--awb-flex-wrap:wrap;\" ><div class=\"fusion-builder-row fusion-row fusion-flex-align-items-flex-start fusion-flex-content-wrap\" style=\"max-width:1144px;margin-left: calc(-4% \/ 2 );margin-right: calc(-4% \/ 2 );\"><div class=\"fusion-layout-column fusion_builder_column fusion-builder-column-1 fusion_builder_column_3_5 3_5 fusion-flex-column\" style=\"--awb-bg-size:cover;--awb-width-large:60%;--awb-margin-top-large:0px;--awb-spacing-right-large:3.2%;--awb-margin-bottom-large:20px;--awb-spacing-left-large:3.2%;--awb-width-medium:60%;--awb-order-medium:0;--awb-spacing-right-medium:3.2%;--awb-spacing-left-medium:3.2%;--awb-width-small:100%;--awb-order-small:0;--awb-spacing-right-small:1.92%;--awb-spacing-left-small:1.92%;\"><div class=\"fusion-column-wrapper fusion-column-has-shadow fusion-flex-justify-content-flex-start fusion-content-layout-column\"><div class=\"fusion-title title fusion-title-1 fusion-sep-none fusion-title-text fusion-title-size-three\" style=\"--awb-font-size:24px;\"><h3 class=\"fusion-title-heading title-heading-left\" style=\"margin:0;font-size:1em;line-height:30px;\">Symplify est le service infonuagique qui simplifie les besoins essentiels de votre organisation. Vous augmentez vos revenus tandis que nous diminuons votre charge de travail.<\/h3><\/div><div class=\"fusion-separator fusion-full-width-sep\" style=\"align-self: center;margin-left: auto;margin-right: auto;margin-top:15px;margin-bottom:15px;width:100%;\"><\/div><div class=\"fusion-text fusion-text-1\"><p>Bas\u00e9 \u00e0 Stockholm, en Su\u00e8de, avec des bureaux au Canada, au Danemark, \u00e0 Hong Kong et \u00e0 Malte, Symplify fournit des solutions infonuagiques pour l\u2019<a href=\"https:\/\/symplify.com\/fr\/blog\/pourquoi-opter-pour-automatisation-marketing-multicanal\/\" target=\"_blank\" rel=\"noopener\">automatisation du marketing<\/a>, le CRM et le CRO. Fort de vingt ans d\u2019exp\u00e9rience sur le Web, nous simplifions syst\u00e9matiquement l\u2019exp\u00e9rience utilisateur. Nous sommes fiers de compter Klarna, Mr Green, Harper Collins, Danske Bank, Bonnier Publications et SATS parmi nos clients.<\/p>\n<h6>Symplify Communication<\/h6>\n<p>Notre solution de communication met \u00e0 votre disposition 8 canaux de communication, dont le courriel, le SMS, les notifications pouss\u00e9es Web et mobiles, les m\u00e9dias sociaux, les sites Web dynamiques, les communications imprim\u00e9es et les messages vocaux. G\u00e9rez le cycle de vie de vos clients gr\u00e2ce \u00e0 un outil de parcours client complet et facile \u00e0 utiliser. Visualisez votre base de donn\u00e9es gr\u00e2ce \u00e0 un moteur de segmentation qui vous indique qui, quand et pourquoi. Gagnez du temps avec un \u00e9diteur de contenu unique pour une prise en charge compl\u00e8te de vos <a href=\"https:\/\/symplify.com\/fr\/blog\/reussir-strategie-multicanal\/\" target=\"_blank\" rel=\"noopener\">strat\u00e9gies multicanal<\/a>.<\/p>\n<h6>Symplify Conversion<\/h6>\n<p>Notre solution de conversion vous permet d&rsquo;effectuer des tests A\/B en temps r\u00e9el et d&rsquo;analyser les conversions de votre site, incluant les cartes thermiques, le comportement des utilisateurs ainsi qu&rsquo;une version compl\u00e8te et enti\u00e8rement modifiable de votre site. Aucune connaissance en CMS ou en HTML n&rsquo;est n\u00e9cessaire. Puissance et clart\u00e9, analyses faciles \u00e0 comprendre et fiables d\u00e8s le premier test. Prenez des d\u00e9cisions \u00e9clair\u00e9es \u00e0 partir de vos donn\u00e9es d\u00e8s votre premier test.<\/p>\n<\/div><\/div><\/div><div class=\"fusion-layout-column fusion_builder_column fusion-builder-column-2 fusion_builder_column_2_5 2_5 fusion-flex-column\" style=\"--awb-bg-size:cover;--awb-width-large:40%;--awb-margin-top-large:0px;--awb-spacing-right-large:4.8%;--awb-margin-bottom-large:20px;--awb-spacing-left-large:4.8%;--awb-width-medium:40%;--awb-order-medium:0;--awb-spacing-right-medium:4.8%;--awb-spacing-left-medium:4.8%;--awb-width-small:100%;--awb-order-small:0;--awb-spacing-right-small:1.92%;--awb-spacing-left-small:1.92%;\"><div class=\"fusion-column-wrapper fusion-column-has-shadow fusion-flex-justify-content-flex-start fusion-content-layout-column\"><div class=\"fusion-title title fusion-title-2 fusion-sep-none fusion-title-text fusion-title-size-three\" style=\"--awb-font-size:24px;\"><h3 class=\"fusion-title-heading title-heading-left\" style=\"margin:0;font-size:1em;line-height:30px;\">Nos bureaux<\/h3><\/div><div class=\"fusion-text fusion-text-2\"><h6>Montr\u00e9al<\/h6>\n<p>+1 800 495 2149<br \/>\n4659, rue Hochelaga<br \/>\nMontr\u00e9al (Qu\u00e9bec) H1V 1C9<br \/>\n<a href=\"mailto:contact.ca@symplify.com\"><u>contact.ca@symplify.com<\/u><\/a><\/p>\n<h6>Stockholm<\/h6>\n<p>+46 8 505 721 00<br \/>\n<a class=\"symplink\" href=\"https:\/\/www.google.se\/maps\/place\/Symplify\/@59.3336669,18.0591496,17z\/data=!4m5!3m4!1s0x465f9d5d8f7645e3:0xe78cb0c8b84115a4!8m2!3d59.3336669!4d18.0613383\" target=\"_blank\" rel=\"noopener noreferrer\">55 Drottninggatan, Stockholm, 111 21<\/a><\/p>\n<h6>Copenhague<\/h6>\n<p>+45 31 21 02 02<br \/>\n<a href=\"https:\/\/www.google.com\/maps\/place\/Firskovvej+36,+2800+Kongens+Lyngby,+Denmark\/@55.7693991,12.5168232,17z\/data=!3m1!4b1!4m5!3m4!1s0x46524e73754d714b:0x44155c65fe3133a3!8m2!3d55.7693961!4d12.5190119\" target=\"_blank\" rel=\"noopener\">Firskovvej 36 2800, Kongens Lyngby<\/a><\/p>\n<h6>Marbella<\/h6>\n<p>Av. Bulevar Pr\u00edncipe Alfonso de Hohenlohe, 29602 Marbella, M\u00e1laga, Spain<\/p>\n<\/div><\/div><\/div><\/div><\/div><\/p>\n","protected":false},"excerpt":{"rendered":"","protected":false},"author":16,"featured_media":0,"parent":0,"menu_order":0,"comment_status":"closed","ping_status":"closed","template":"","meta":{"inline_featured_image":false,"footnotes":""},"class_list":["post-8762","page","type-page","status-publish","hentry"],"_links":{"self":[{"href":"https:\/\/symplify.com\/fr\/wp-json\/wp\/v2\/pages\/8762","targetHints":{"allow":["GET"]}}],"collection":[{"href":"https:\/\/symplify.com\/fr\/wp-json\/wp\/v2\/pages"}],"about":[{"href":"https:\/\/symplify.com\/fr\/wp-json\/wp\/v2\/types\/page"}],"author":[{"embeddable":true,"href":"https:\/\/symplify.com\/fr\/wp-json\/wp\/v2\/users\/16"}],"replies":[{"embeddable":true,"href":"https:\/\/symplify.com\/fr\/wp-json\/wp\/v2\/comments?post=8762"}],"version-history":[{"count":19,"href":"https:\/\/symplify.com\/fr\/wp-json\/wp\/v2\/pages\/8762\/revisions"}],"predecessor-version":[{"id":10783,"href":"https:\/\/symplify.com\/fr\/wp-json\/wp\/v2\/pages\/8762\/revisions\/10783"}],"wp:attachment":[{"href":"https:\/\/symplify.com\/fr\/wp-json\/wp\/v2\/media?parent=8762"}],"curies":[{"name":"wp","href":"https:\/\/api.w.org\/{rel}","templated":true}]}}