{"id":5373,"date":"2022-09-28T15:27:42","date_gmt":"2022-09-28T15:27:42","guid":{"rendered":"https:\/\/symplify.com\/?page_id=5373"},"modified":"2026-01-13T17:18:20","modified_gmt":"2026-01-13T17:18:20","slug":"notre-equipe","status":"publish","type":"page","link":"https:\/\/symplify.com\/fr\/notre-equipe\/","title":{"rendered":"Notre \u00e9quipe"},"content":{"rendered":"<p><div class=\"fusion-fullwidth fullwidth-box fusion-builder-row-1 fusion-flex-container has-pattern-background has-mask-background nonhundred-percent-fullwidth non-hundred-percent-height-scrolling\" style=\"--awb-border-radius-top-left:0px;--awb-border-radius-top-right:0px;--awb-border-radius-bottom-right:0px;--awb-border-radius-bottom-left:0px;--awb-flex-wrap:wrap;\" ><div class=\"fusion-builder-row fusion-row fusion-flex-align-items-flex-start fusion-flex-content-wrap\" style=\"max-width:1144px;margin-left: calc(-4% \/ 2 );margin-right: calc(-4% \/ 2 );\"><div class=\"fusion-layout-column fusion_builder_column fusion-builder-column-0 fusion_builder_column_1_1 1_1 fusion-flex-column fusion-flex-align-self-flex-start\" style=\"--awb-bg-size:cover;--awb-width-large:100%;--awb-margin-top-large:0px;--awb-spacing-right-large:1.92%;--awb-margin-bottom-large:20px;--awb-spacing-left-large:1.92%;--awb-width-medium:100%;--awb-order-medium:0;--awb-spacing-right-medium:1.92%;--awb-spacing-left-medium:1.92%;--awb-width-small:100%;--awb-order-small:0;--awb-spacing-right-small:1.92%;--awb-spacing-left-small:1.92%;\"><div class=\"fusion-column-wrapper fusion-column-has-shadow fusion-flex-justify-content-flex-start fusion-content-layout-column\"><div class=\"fusion-title title fusion-title-1 fusion-sep-none fusion-title-text fusion-title-size-one\" style=\"--awb-text-color:var(--awb-color4);\"><h1 class=\"fusion-title-heading title-heading-left\" style=\"margin:0;\">Notre \u00e9quipe<\/h1><\/div><div class=\"fusion-separator fusion-full-width-sep\" style=\"align-self: center;margin-left: auto;margin-right: auto;margin-bottom:40px;width:100%;\"><\/div><\/div><\/div><\/div><\/div><div class=\"fusion-fullwidth fullwidth-box fusion-builder-row-2 fusion-flex-container has-pattern-background has-mask-background nonhundred-percent-fullwidth non-hundred-percent-height-scrolling\" style=\"--awb-border-radius-top-left:0px;--awb-border-radius-top-right:0px;--awb-border-radius-bottom-right:0px;--awb-border-radius-bottom-left:0px;--awb-flex-wrap:wrap;\" ><div class=\"fusion-builder-row fusion-row fusion-flex-align-items-flex-start fusion-flex-content-wrap\" style=\"max-width:1144px;margin-left: calc(-4% \/ 2 );margin-right: calc(-4% \/ 2 );\"><div class=\"fusion-layout-column fusion_builder_column fusion-builder-column-1 fusion_builder_column_1_3 1_3 fusion-flex-column\" style=\"--awb-bg-size:cover;--awb-width-large:33.333333333333%;--awb-margin-top-large:0px;--awb-spacing-right-large:5.76%;--awb-margin-bottom-large:20px;--awb-spacing-left-large:5.76%;--awb-width-medium:33.333333333333%;--awb-order-medium:0;--awb-spacing-right-medium:5.76%;--awb-spacing-left-medium:5.76%;--awb-width-small:100%;--awb-order-small:0;--awb-spacing-right-small:1.92%;--awb-spacing-left-small:1.92%;\"><div class=\"fusion-column-wrapper fusion-column-has-shadow fusion-flex-justify-content-flex-start fusion-content-layout-column\"><div class=\"fusion-person person fusion-person-center fusion-person-1 fusion-person-icon-top\" style=\"--awb-pic-style-color:#000000;--awb-pic-borderradius:0px;--awb-margin-top:0px;--awb-margin-right:0px;--awb-margin-bottom:0px;--awb-margin-left:0px;--awb-social-box-border-top:0px;--awb-social-box-border-right:0px;--awb-social-box-border-bottom:0px;--awb-social-box-border-left:0px;\"><div class=\"person-shortcode-image-wrapper\"><div class=\"person-image-container hover-type-none\" style=\"border:0px solid #e2e2e2;-webkit-border-radius:0px;-moz-border-radius:0px;border-radius:0px;\"><img decoding=\"async\" class=\"person-img img-responsive wp-image-5673\" width=\"200\" height=\"200\" src=\"https:\/\/symplify.com\/wp-content\/uploads\/2022\/10\/vanessa-gratton-small-200x200.jpg\" alt=\"_________________\" srcset=\"https:\/\/symplify.com\/wp-content\/uploads\/2022\/10\/vanessa-gratton-small-200x200.jpg 200w, https:\/\/symplify.com\/wp-content\/uploads\/2022\/10\/vanessa-gratton-small.jpg 376w\" sizes=\"(max-width: 640px) 100vw, 200px\" \/><\/div><\/div><div class=\"person-desc\"><div class=\"person-author\"><div class=\"person-author-wrapper\"><span class=\"person-name\">_________________<\/span><span class=\"person-title\"><\/span><\/div><div class=\"fusion-social-networks\"><div class=\"fusion-social-networks-wrapper\"><a class=\"fusion-social-network-icon fusion-tooltip fusion-linkedin awb-icon-linkedin\" aria-label=\"fusion-linkedin\" href=\"https:\/\/ca.linkedin.com\/in\/vanessa-gratton-a6648b56\" target=\"_blank\" rel=\"noopener noreferrer\" data-title=\"LinkedIn\" title=\"LinkedIn\" data-toggle=\"tooltip\"><\/a><\/div><\/div><\/div><div class=\"person-content fusion-clearfix\"><\/div><\/div><\/div><\/div><\/div><div class=\"fusion-layout-column fusion_builder_column fusion-builder-column-2 fusion_builder_column_2_3 2_3 fusion-flex-column\" style=\"--awb-bg-size:cover;--awb-width-large:66.666666666667%;--awb-margin-top-large:0px;--awb-spacing-right-large:2.88%;--awb-margin-bottom-large:20px;--awb-spacing-left-large:2.88%;--awb-width-medium:66.666666666667%;--awb-order-medium:0;--awb-spacing-right-medium:2.88%;--awb-spacing-left-medium:2.88%;--awb-width-small:100%;--awb-order-small:0;--awb-spacing-right-small:1.92%;--awb-spacing-left-small:1.92%;\"><div class=\"fusion-column-wrapper fusion-column-has-shadow fusion-flex-justify-content-flex-start fusion-content-layout-column\"><div class=\"fusion-text fusion-text-1\"><h4><strong>Vanessa Gratton, pr\u00e9sidente et directrice g\u00e9n\u00e9rale \u2013 Canada<\/strong><\/h4>\n<p data-start=\"482\" data-end=\"704\">Vanessa Gratton \u0153uvre depuis plus de 15 ans dans les environnements CRM et le marketing relationnel, o\u00f9 la performance repose autant sur l\u2019implantation que sur la technologie elle-m\u00eame.<\/p>\n<p data-start=\"711\" data-end=\"1024\">Sp\u00e9cialis\u00e9e dans la simplification d\u2019environnements complexes, elle accompagne les organisations dans l\u2019implantation et la gouvernance de plateformes CRM, l\u2019optimisation de la d\u00e9livrabilit\u00e9 et la structuration des donn\u00e9es et des consentements, afin de rendre les \u00e9quipes r\u00e9ellement autonomes et op\u00e9rationnelles.<\/p>\n<p data-start=\"1031\" data-end=\"1303\">Apr\u00e8s avoir occup\u00e9 les r\u00f4les de directrice g\u00e9n\u00e9rale et d\u2019associ\u00e9e chez ZenData Marketing, acquise par Symplify en 2018, elle dirige aujourd\u2019hui les op\u00e9rations canadiennes du groupe avec une approche ax\u00e9e sur la performance durable, la souverainet\u00e9 num\u00e9rique et l\u2019humain.<\/p>\n<p data-start=\"1310\" data-end=\"1547\">Convaincue que la clart\u00e9 est un levier strat\u00e9gique, elle d\u00e9fend une vision du marketing relationnel fond\u00e9e sur la simplicit\u00e9, la gouvernance et la ma\u00eetrise des fondamentaux \u2014 loin de la complexit\u00e9 inutile et de l\u2019accumulation d\u2019outils.<\/p>\n<\/div><\/div><\/div><\/div><\/div><div class=\"fusion-fullwidth fullwidth-box fusion-builder-row-3 fusion-flex-container has-pattern-background has-mask-background nonhundred-percent-fullwidth non-hundred-percent-height-scrolling\" style=\"--awb-border-radius-top-left:0px;--awb-border-radius-top-right:0px;--awb-border-radius-bottom-right:0px;--awb-border-radius-bottom-left:0px;--awb-flex-wrap:wrap;\" ><div class=\"fusion-builder-row fusion-row fusion-flex-align-items-flex-start fusion-flex-content-wrap\" style=\"max-width:1144px;margin-left: calc(-4% \/ 2 );margin-right: calc(-4% \/ 2 );\"><div class=\"fusion-layout-column fusion_builder_column fusion-builder-column-3 fusion_builder_column_1_3 1_3 fusion-flex-column\" style=\"--awb-bg-size:cover;--awb-width-large:33.333333333333%;--awb-margin-top-large:0px;--awb-spacing-right-large:5.76%;--awb-margin-bottom-large:20px;--awb-spacing-left-large:5.76%;--awb-width-medium:33.333333333333%;--awb-order-medium:0;--awb-spacing-right-medium:5.76%;--awb-spacing-left-medium:5.76%;--awb-width-small:100%;--awb-order-small:0;--awb-spacing-right-small:1.92%;--awb-spacing-left-small:1.92%;\"><div class=\"fusion-column-wrapper fusion-column-has-shadow fusion-flex-justify-content-flex-start fusion-content-layout-column\"><div class=\"fusion-person person fusion-person-center fusion-person-2 fusion-person-icon-top\" style=\"--awb-pic-style-color:#000000;--awb-pic-borderradius:0px;--awb-margin-top:0px;--awb-margin-right:0px;--awb-margin-bottom:0px;--awb-margin-left:0px;--awb-social-box-border-top:0px;--awb-social-box-border-right:0px;--awb-social-box-border-bottom:0px;--awb-social-box-border-left:0px;\"><div class=\"person-shortcode-image-wrapper\"><div class=\"person-image-container hover-type-none\" style=\"border:0px solid #e2e2e2;-webkit-border-radius:0px;-moz-border-radius:0px;border-radius:0px;\"><img decoding=\"async\" class=\"person-img img-responsive wp-image-5698\" width=\"200\" height=\"200\" src=\"https:\/\/symplify.com\/wp-content\/uploads\/2022\/10\/julie-nadon-2-1-200x200.jpg\" alt=\"_________________\" srcset=\"https:\/\/symplify.com\/wp-content\/uploads\/2022\/10\/julie-nadon-2-1-200x200.jpg 200w, https:\/\/symplify.com\/wp-content\/uploads\/2022\/10\/julie-nadon-2-1-400x400.jpg 400w, https:\/\/symplify.com\/wp-content\/uploads\/2022\/10\/julie-nadon-2-1-600x600.jpg 600w, https:\/\/symplify.com\/wp-content\/uploads\/2022\/10\/julie-nadon-2-1-800x800.jpg 800w, https:\/\/symplify.com\/wp-content\/uploads\/2022\/10\/julie-nadon-2-1.jpg 830w\" sizes=\"(max-width: 640px) 100vw, 400px\" \/><\/div><\/div><div class=\"person-desc\"><div class=\"person-author\"><div class=\"person-author-wrapper\"><span class=\"person-name\">_________________<\/span><span class=\"person-title\"><\/span><\/div><div class=\"fusion-social-networks\"><div class=\"fusion-social-networks-wrapper\"><a class=\"fusion-social-network-icon fusion-tooltip fusion-linkedin awb-icon-linkedin\" aria-label=\"fusion-linkedin\" href=\"https:\/\/www.linkedin.com\/in\/julienadon\" target=\"_blank\" rel=\"noopener noreferrer\" data-title=\"LinkedIn\" title=\"LinkedIn\" data-toggle=\"tooltip\"><\/a><\/div><\/div><\/div><div class=\"person-content fusion-clearfix\"><\/div><\/div><\/div><\/div><\/div><div class=\"fusion-layout-column fusion_builder_column fusion-builder-column-4 fusion_builder_column_2_3 2_3 fusion-flex-column\" style=\"--awb-bg-size:cover;--awb-width-large:66.666666666667%;--awb-margin-top-large:0px;--awb-spacing-right-large:2.88%;--awb-margin-bottom-large:20px;--awb-spacing-left-large:2.88%;--awb-width-medium:66.666666666667%;--awb-order-medium:0;--awb-spacing-right-medium:2.88%;--awb-spacing-left-medium:2.88%;--awb-width-small:100%;--awb-order-small:0;--awb-spacing-right-small:1.92%;--awb-spacing-left-small:1.92%;\"><div class=\"fusion-column-wrapper fusion-column-has-shadow fusion-flex-justify-content-flex-start fusion-content-layout-column\"><div class=\"fusion-text fusion-text-2\"><h4><strong>Julie Nadon, directrice \u2013 succ\u00e8s client et experte en marketing relationnel<\/strong><\/h4>\n<div>Avec plus de 25 ans d\u2019exp\u00e9rience professionnelle, Julie Nadon est une strat\u00e8ge marketing aguerrie ayant cumul\u00e9 de nombreux succ\u00e8s pour ses clients en agence marketing. Riche de ces exp\u00e9riences qui exigeaient de la strat\u00e9gie, de la cr\u00e9ativit\u00e9 et du savoir-faire en technologie marketing, elle n&rsquo;a pas froid aux yeux et est toujours pr\u00eate \u00e0 relever un nouveau d\u00e9fi. Avec son sens inn\u00e9 des affaires et son expertise technologique, Julie a su se rendre essentielle au d\u00e9veloppement de Symplify Canada. Elle est toujours en mouvement afin d&rsquo;offrir un soutien optimal \u00e0 ses clients, \u00e0 son \u00e9quipe du succ\u00e8s client et \u00e0 ses coll\u00e8gues pour leur permettre de d\u00e9ployer leur plein potentiel.<\/div>\n<\/div><\/div><\/div><\/div><\/div><div class=\"fusion-fullwidth fullwidth-box fusion-builder-row-4 fusion-flex-container has-pattern-background has-mask-background nonhundred-percent-fullwidth non-hundred-percent-height-scrolling\" style=\"--awb-border-radius-top-left:0px;--awb-border-radius-top-right:0px;--awb-border-radius-bottom-right:0px;--awb-border-radius-bottom-left:0px;--awb-flex-wrap:wrap;\" ><div class=\"fusion-builder-row fusion-row fusion-flex-align-items-flex-start fusion-flex-content-wrap\" style=\"max-width:1144px;margin-left: calc(-4% \/ 2 );margin-right: calc(-4% \/ 2 );\"><div class=\"fusion-layout-column fusion_builder_column fusion-builder-column-5 fusion_builder_column_1_3 1_3 fusion-flex-column\" style=\"--awb-bg-size:cover;--awb-width-large:33.333333333333%;--awb-margin-top-large:0px;--awb-spacing-right-large:5.76%;--awb-margin-bottom-large:20px;--awb-spacing-left-large:5.76%;--awb-width-medium:33.333333333333%;--awb-order-medium:0;--awb-spacing-right-medium:5.76%;--awb-spacing-left-medium:5.76%;--awb-width-small:100%;--awb-order-small:0;--awb-spacing-right-small:1.92%;--awb-spacing-left-small:1.92%;\"><div class=\"fusion-column-wrapper fusion-column-has-shadow fusion-flex-justify-content-flex-start fusion-content-layout-column\"><div class=\"fusion-person person fusion-person-center fusion-person-3 fusion-person-icon-top\" style=\"--awb-pic-style-color:#000000;--awb-pic-borderradius:0px;--awb-margin-top:0px;--awb-margin-right:0px;--awb-margin-bottom:0px;--awb-margin-left:0px;--awb-social-box-border-top:0px;--awb-social-box-border-right:0px;--awb-social-box-border-bottom:0px;--awb-social-box-border-left:0px;\"><div class=\"person-shortcode-image-wrapper\"><div class=\"person-image-container hover-type-none\" style=\"border:0px solid #e2e2e2;-webkit-border-radius:0px;-moz-border-radius:0px;border-radius:0px;\"><img decoding=\"async\" class=\"person-img img-responsive wp-image-5671\" width=\"200\" height=\"200\" src=\"https:\/\/symplify.com\/wp-content\/uploads\/2022\/10\/olivier-mineau-200x200.jpg\" alt=\"_________________\" srcset=\"https:\/\/symplify.com\/wp-content\/uploads\/2022\/10\/olivier-mineau-200x200.jpg 200w, https:\/\/symplify.com\/wp-content\/uploads\/2022\/10\/olivier-mineau.jpg 376w\" sizes=\"(max-width: 640px) 100vw, 200px\" \/><\/div><\/div><div class=\"person-desc\"><div class=\"person-author\"><div class=\"person-author-wrapper\"><span class=\"person-name\">_________________<\/span><span class=\"person-title\"><\/span><\/div><div class=\"fusion-social-networks\"><div class=\"fusion-social-networks-wrapper\"><a class=\"fusion-social-network-icon fusion-tooltip fusion-linkedin awb-icon-linkedin\" aria-label=\"fusion-linkedin\" href=\"https:\/\/ca.linkedin.com\/in\/oliviermineau\" target=\"_blank\" rel=\"noopener noreferrer\" data-title=\"LinkedIn\" title=\"LinkedIn\" data-toggle=\"tooltip\"><\/a><\/div><\/div><\/div><div class=\"person-content fusion-clearfix\"><\/div><\/div><\/div><\/div><\/div><div class=\"fusion-layout-column fusion_builder_column fusion-builder-column-6 fusion_builder_column_2_3 2_3 fusion-flex-column\" style=\"--awb-bg-size:cover;--awb-width-large:66.666666666667%;--awb-margin-top-large:0px;--awb-spacing-right-large:2.88%;--awb-margin-bottom-large:20px;--awb-spacing-left-large:2.88%;--awb-width-medium:66.666666666667%;--awb-order-medium:0;--awb-spacing-right-medium:2.88%;--awb-spacing-left-medium:2.88%;--awb-width-small:100%;--awb-order-small:0;--awb-spacing-right-small:1.92%;--awb-spacing-left-small:1.92%;\"><div class=\"fusion-column-wrapper fusion-column-has-shadow fusion-flex-justify-content-flex-start fusion-content-layout-column\"><div class=\"fusion-text fusion-text-3\"><h4><strong>Olivier Mineau, directeur \u2013 solutions et technologie<\/strong><\/h4>\n<p>Olivier Mineau compte plus de 15 ans d&rsquo;exp\u00e9rience dans le domaine TI\/marketing. Dot\u00e9 d&rsquo;un esprit analytique et artistique, il combine une solide expertise en manipulation, standardisation et centralisation de base de donn\u00e9es ainsi que la production Web. Calme et r\u00e9fl\u00e9chi, Olivier est un professionnel stimul\u00e9 par la r\u00e9solution de probl\u00e8mes. Olivier a accompagn\u00e9 plus d&rsquo;une centaine d&rsquo;entreprises dans la mise en place de leur programme de marketing relationnel, tout en respectant temps, budget et requis d&rsquo;affaires. Les clients appr\u00e9cient sa rigueur et sa transparence.<\/p>\n<\/div><\/div><\/div><\/div><\/div><\/p>\n","protected":false},"excerpt":{"rendered":"","protected":false},"author":16,"featured_media":0,"parent":0,"menu_order":0,"comment_status":"closed","ping_status":"closed","template":"","meta":{"inline_featured_image":false,"footnotes":""},"class_list":["post-5373","page","type-page","status-publish","hentry"],"_links":{"self":[{"href":"https:\/\/symplify.com\/fr\/wp-json\/wp\/v2\/pages\/5373","targetHints":{"allow":["GET"]}}],"collection":[{"href":"https:\/\/symplify.com\/fr\/wp-json\/wp\/v2\/pages"}],"about":[{"href":"https:\/\/symplify.com\/fr\/wp-json\/wp\/v2\/types\/page"}],"author":[{"embeddable":true,"href":"https:\/\/symplify.com\/fr\/wp-json\/wp\/v2\/users\/16"}],"replies":[{"embeddable":true,"href":"https:\/\/symplify.com\/fr\/wp-json\/wp\/v2\/comments?post=5373"}],"version-history":[{"count":26,"href":"https:\/\/symplify.com\/fr\/wp-json\/wp\/v2\/pages\/5373\/revisions"}],"predecessor-version":[{"id":12375,"href":"https:\/\/symplify.com\/fr\/wp-json\/wp\/v2\/pages\/5373\/revisions\/12375"}],"wp:attachment":[{"href":"https:\/\/symplify.com\/fr\/wp-json\/wp\/v2\/media?parent=5373"}],"curies":[{"name":"wp","href":"https:\/\/api.w.org\/{rel}","templated":true}]}}