{"id":1346,"date":"2020-10-21T09:22:58","date_gmt":"2020-10-21T09:22:58","guid":{"rendered":"https:\/\/symplify.com\/events\/"},"modified":"2026-02-04T16:56:37","modified_gmt":"2026-02-04T16:56:37","slug":"ressources","status":"publish","type":"page","link":"https:\/\/symplify.com\/fr\/ressources\/","title":{"rendered":"Ressources"},"content":{"rendered":"<div class=\"fusion-fullwidth fullwidth-box fusion-builder-row-1 fusion-flex-container nonhundred-percent-fullwidth non-hundred-percent-height-scrolling\" style=\"--awb-border-radius-top-left:0px;--awb-border-radius-top-right:0px;--awb-border-radius-bottom-right:0px;--awb-border-radius-bottom-left:0px;--awb-flex-wrap:wrap;\" ><div class=\"fusion-builder-row fusion-row fusion-flex-align-items-flex-start fusion-flex-content-wrap\" style=\"max-width:1144px;margin-left: calc(-4% \/ 2 );margin-right: calc(-4% \/ 2 );\"><div class=\"fusion-layout-column fusion_builder_column fusion-builder-column-0 fusion_builder_column_1_1 1_1 fusion-flex-column\" style=\"--awb-bg-size:cover;--awb-width-large:100%;--awb-margin-top-large:0px;--awb-spacing-right-large:1.92%;--awb-margin-bottom-large:20px;--awb-spacing-left-large:1.92%;--awb-width-medium:100%;--awb-order-medium:0;--awb-spacing-right-medium:1.92%;--awb-spacing-left-medium:1.92%;--awb-width-small:100%;--awb-order-small:0;--awb-spacing-right-small:1.92%;--awb-spacing-left-small:1.92%;\"><div class=\"fusion-column-wrapper fusion-column-has-shadow fusion-flex-justify-content-flex-start fusion-content-layout-column\"><style type=\"text\/css\">.fusion-portfolio-wrapper#fusion-portfolio-1 .fusion-portfolio-content{  text-align: left; }<\/style><div class=\"fusion-recent-works fusion-portfolio-element fusion-portfolio fusion-portfolio-1 fusion-portfolio-grid fusion-portfolio-paging-pagination fusion-portfolio-one fusion-portfolio-unboxed fusion-portfolio-text fusion-portfolio-equal-heights fusion-portfolio-rollover\" data-id=\"-rw-1\" data-columns=\"one\"><div><ul class=\"fusion-filters\" role=\"menu\" aria-label=\"Portfolio Filters\"><li role=\"presentation\" class=\"fusion-filter fusion-filter-all fusion-active\"><a href=\"#\" data-filter=\"*\" role=\"menuitem\">All<\/a><\/li><li role=\"presentation\" class=\"fusion-filter fusion-hidden\"><a href=\"#\" data-filter=\".guide\" role=\"menuitem\">Guide<\/a><\/li><li role=\"presentation\" class=\"fusion-filter fusion-hidden\"><a href=\"#\" data-filter=\".webinaire\" role=\"menuitem\">Webinaire<\/a><\/li><\/ul><\/div><style type=\"text\/css\">.fusion-portfolio-1 .fusion-portfolio-wrapper .fusion-col-spacing{padding:15px;}<\/style><div class=\"fusion-portfolio-wrapper\" id=\"fusion-portfolio-1\" data-picturesize=\"auto\" data-pages=\"1\" style=\"margin:-15px;\"><article id=\"portfolio-1-post-8246\" class=\"fusion-portfolio-post guide fusion-col-spacing post-8246\"><div class=\"fusion-portfolio-content-wrapper\" style=\"border:none;\"><span class=\"vcard rich-snippet-hidden\"><span class=\"fn\"><a href=\"https:\/\/symplify.com\/fr\/author\/vanessa-gratton\/\" title=\"Articles par Vanessa Gratton\" rel=\"author\">Vanessa Gratton<\/a><\/span><\/span><span class=\"updated rich-snippet-hidden\">2026-03-11T08:42:31+00:00<\/span><div  class=\"fusion-image-wrapper\" aria-haspopup=\"true\">\n\t\t\t\t<img decoding=\"async\" width=\"2560\" height=\"1706\" src=\"https:\/\/symplify.com\/wp-content\/uploads\/2023\/05\/guide-fintech-mockup-1-FR-crop.png\" class=\"attachment-full size-full wp-post-image\" alt=\"Le guide de l&#039;industrie des technologies financi\u00e8res pour conserver ses clients et les fid\u00e9liser\" srcset=\"https:\/\/symplify.com\/wp-content\/uploads\/2023\/05\/guide-fintech-mockup-1-FR-crop-200x133.png 200w, https:\/\/symplify.com\/wp-content\/uploads\/2023\/05\/guide-fintech-mockup-1-FR-crop-400x267.png 400w, https:\/\/symplify.com\/wp-content\/uploads\/2023\/05\/guide-fintech-mockup-1-FR-crop-600x400.png 600w, https:\/\/symplify.com\/wp-content\/uploads\/2023\/05\/guide-fintech-mockup-1-FR-crop-800x533.png 800w, https:\/\/symplify.com\/wp-content\/uploads\/2023\/05\/guide-fintech-mockup-1-FR-crop-1200x800.png 1200w, https:\/\/symplify.com\/wp-content\/uploads\/2023\/05\/guide-fintech-mockup-1-FR-crop.png 2560w\" sizes=\"(min-width: 2200px) 100vw, (min-width: 640px) 1100px, \" \/><div class=\"fusion-rollover\">\n\t<div class=\"fusion-rollover-content\">\n\n\t\t\t\t\t\t\t\t\t\t\t\t\t\t<a class=\"fusion-rollover-link\" href=\"https:\/\/symplify.com\/fr\/content\/le-guide-de-lindustrie-des-technologies-financieres-pour-conserver-ses-clients-et-les-fideliser\/?portfolioCats=37%2C31%2C38%2C26\">Le guide de l&rsquo;industrie des technologies financi\u00e8res pour conserver ses clients et les fid\u00e9liser<\/a>\n\t\t\t\n\t\t\t\t\t\t\t\t\t\t\t\t\t\t\n\t\t\t\t\t\t\t\t\n\t\t\t\t\t\t\t\t\t\t\t\t\t<div class=\"fusion-rollover-sep\"><\/div>\n\t\t\t\t\n\t\t\t\t\t\t\t\t\t\t\t\t\t\t\t\t\t\t<a class=\"fusion-rollover-gallery\" href=\"https:\/\/symplify.com\/wp-content\/uploads\/2023\/05\/guide-fintech-mockup-1-FR-crop.png\" data-options=\"\" data-id=\"8246\" data-rel=\"iLightbox[gallery-rw-1]\" data-title=\"guide-fintech-mockup-1-FR-crop\" data-caption=\"\">\n\t\t\t\t\t\tGallery\t\t\t\t\t<\/a>\n\t\t\t\t\t\t\t\t\t\t\t\t\t\t\n\t\t\n\t\t\t\t\t\t\t\t\t\t\t\t<h4 class=\"fusion-rollover-title\">\n\t\t\t\t\t<a class=\"fusion-rollover-title-link\" href=\"https:\/\/symplify.com\/fr\/content\/le-guide-de-lindustrie-des-technologies-financieres-pour-conserver-ses-clients-et-les-fideliser\/?portfolioCats=37%2C31%2C38%2C26\">\n\t\t\t\t\t\tLe guide de l&rsquo;industrie des technologies financi\u00e8res pour conserver ses clients et les fid\u00e9liser\t\t\t\t\t<\/a>\n\t\t\t\t<\/h4>\n\t\t\t\n\t\t\t\t\t\t\t\t\t\t<div class=\"fusion-rollover-categories\"><a href=\"https:\/\/symplify.com\/fr\/portfolio_category\/guide\/\" rel=\"tag\">Guide<\/a><\/div>\t\t\t\t\t\n\t\t\n\t\t\t\t\t\t<a class=\"fusion-link-wrapper\" href=\"https:\/\/symplify.com\/fr\/content\/le-guide-de-lindustrie-des-technologies-financieres-pour-conserver-ses-clients-et-les-fideliser\/?portfolioCats=37%2C31%2C38%2C26\" aria-label=\"Le guide de l&rsquo;industrie des technologies financi\u00e8res pour conserver ses clients et les fid\u00e9liser\"><\/a>\n\t<\/div>\n<\/div>\n<\/div>\n<div class=\"fusion-portfolio-content\"><h2 class=\"entry-title fusion-post-title\"><a href=\"https:\/\/symplify.com\/fr\/content\/le-guide-de-lindustrie-des-technologies-financieres-pour-conserver-ses-clients-et-les-fideliser\/?portfolioCats=37%2C31%2C38%2C26\">Le guide de l&rsquo;industrie des technologies financi\u00e8res pour conserver ses clients et les fid\u00e9liser<\/a><\/h2><div class=\"fusion-portfolio-meta\"><a href=\"https:\/\/symplify.com\/fr\/portfolio_category\/guide\/\" rel=\"tag\">Guide<\/a><\/div><div class=\"fusion-post-content\"><p>Comment fid\u00e9liser la client\u00e8le dans un secteur satur\u00e9? Consultez notre guide de l'industrie des technologies financi\u00e8res pour conserver ses clients et les fid\u00e9liser.<\/p><div class=\"fusion-portfolio-buttons\"><a href=\"https:\/\/symplify.com\/fr\/content\/le-guide-de-lindustrie-des-technologies-financieres-pour-conserver-ses-clients-et-les-fideliser\/?portfolioCats=37%2C31%2C38%2C26\" class=\"fusion-button fusion-button-default fusion-button-default-size fusion-button-flat\">En savoir plus<\/a><\/div><\/div><\/div><\/div><div class=\"fusion-clearfix\"><\/div><div class=\"fusion-separator sep-double\"><\/div><\/article><article id=\"portfolio-1-post-8056\" class=\"fusion-portfolio-post guide fusion-col-spacing post-8056\"><div class=\"fusion-portfolio-content-wrapper\" style=\"border:none;\"><span class=\"vcard rich-snippet-hidden\"><span class=\"fn\"><a href=\"https:\/\/symplify.com\/fr\/author\/vanessa-gratton\/\" title=\"Articles par Vanessa Gratton\" rel=\"author\">Vanessa Gratton<\/a><\/span><\/span><span class=\"updated rich-snippet-hidden\">2026-03-11T09:14:50+00:00<\/span><div  class=\"fusion-image-wrapper\" aria-haspopup=\"true\">\n\t\t\t\t<img decoding=\"async\" width=\"960\" height=\"540\" src=\"https:\/\/symplify.com\/wp-content\/uploads\/2023\/04\/Cover_Symplify_eBook_Marketing-multicanal-automatise.jpg\" class=\"attachment-full size-full wp-post-image\" alt=\"Comment augmenter la valeur vie client gr\u00e2ce \u00e0 l&#039;engagement multicanal automatis\u00e9?\" srcset=\"https:\/\/symplify.com\/wp-content\/uploads\/2023\/04\/Cover_Symplify_eBook_Marketing-multicanal-automatise-200x113.jpg 200w, https:\/\/symplify.com\/wp-content\/uploads\/2023\/04\/Cover_Symplify_eBook_Marketing-multicanal-automatise-400x225.jpg 400w, https:\/\/symplify.com\/wp-content\/uploads\/2023\/04\/Cover_Symplify_eBook_Marketing-multicanal-automatise-600x338.jpg 600w, https:\/\/symplify.com\/wp-content\/uploads\/2023\/04\/Cover_Symplify_eBook_Marketing-multicanal-automatise-800x450.jpg 800w, https:\/\/symplify.com\/wp-content\/uploads\/2023\/04\/Cover_Symplify_eBook_Marketing-multicanal-automatise.jpg 960w\" sizes=\"(min-width: 2200px) 100vw, (min-width: 640px) 1100px, \" \/><div class=\"fusion-rollover\">\n\t<div class=\"fusion-rollover-content\">\n\n\t\t\t\t\t\t\t\t\t\t\t\t\t\t<a class=\"fusion-rollover-link\" href=\"https:\/\/symplify.com\/fr\/content\/comment-augmenter-la-valeur-vie-client-grace-a-lengagement-multicanal-automatise\/?portfolioCats=37%2C31%2C38%2C26\">Comment augmenter la valeur vie client gr\u00e2ce \u00e0 l&rsquo;engagement multicanal automatis\u00e9?<\/a>\n\t\t\t\n\t\t\t\t\t\t\t\t\t\t\t\t\t\t\n\t\t\t\t\t\t\t\t\n\t\t\t\t\t\t\t\t\t\t\t\t\t<div class=\"fusion-rollover-sep\"><\/div>\n\t\t\t\t\n\t\t\t\t\t\t\t\t\t\t\t\t\t\t\t\t\t\t<a class=\"fusion-rollover-gallery\" href=\"https:\/\/symplify.com\/wp-content\/uploads\/2023\/04\/Cover_Symplify_eBook_Marketing-multicanal-automatise.jpg\" data-options=\"\" data-id=\"8056\" data-rel=\"iLightbox[gallery-rw-1]\" data-title=\"Cover_Symplify_eBook_Marketing-multicanal-automatise\" data-caption=\"\">\n\t\t\t\t\t\tGallery\t\t\t\t\t<\/a>\n\t\t\t\t\t\t\t\t\t\t\t\t\t\t\n\t\t\n\t\t\t\t\t\t\t\t\t\t\t\t<h4 class=\"fusion-rollover-title\">\n\t\t\t\t\t<a class=\"fusion-rollover-title-link\" href=\"https:\/\/symplify.com\/fr\/content\/comment-augmenter-la-valeur-vie-client-grace-a-lengagement-multicanal-automatise\/?portfolioCats=37%2C31%2C38%2C26\">\n\t\t\t\t\t\tComment augmenter la valeur vie client gr\u00e2ce \u00e0 l&rsquo;engagement multicanal automatis\u00e9?\t\t\t\t\t<\/a>\n\t\t\t\t<\/h4>\n\t\t\t\n\t\t\t\t\t\t\t\t\t\t<div class=\"fusion-rollover-categories\"><a href=\"https:\/\/symplify.com\/fr\/portfolio_category\/guide\/\" rel=\"tag\">Guide<\/a><\/div>\t\t\t\t\t\n\t\t\n\t\t\t\t\t\t<a class=\"fusion-link-wrapper\" href=\"https:\/\/symplify.com\/fr\/content\/comment-augmenter-la-valeur-vie-client-grace-a-lengagement-multicanal-automatise\/?portfolioCats=37%2C31%2C38%2C26\" aria-label=\"Comment augmenter la valeur vie client gr\u00e2ce \u00e0 l&rsquo;engagement multicanal automatis\u00e9?\"><\/a>\n\t<\/div>\n<\/div>\n<\/div>\n<div class=\"fusion-portfolio-content\"><h2 class=\"entry-title fusion-post-title\"><a href=\"https:\/\/symplify.com\/fr\/content\/comment-augmenter-la-valeur-vie-client-grace-a-lengagement-multicanal-automatise\/?portfolioCats=37%2C31%2C38%2C26\">Comment augmenter la valeur vie client gr\u00e2ce \u00e0 l&rsquo;engagement multicanal automatis\u00e9?<\/a><\/h2><div class=\"fusion-portfolio-meta\"><a href=\"https:\/\/symplify.com\/fr\/portfolio_category\/guide\/\" rel=\"tag\">Guide<\/a><\/div><div class=\"fusion-post-content\"><p>Dans ce livre num\u00e9rique, nous allons voir comment l\u2019engagement multicanal automatis\u00e9 aide les entreprises \u00e0 augmenter leur chiffre d\u2019affaires et la valeur vie client.<\/p><div class=\"fusion-portfolio-buttons\"><a href=\"https:\/\/symplify.com\/fr\/content\/comment-augmenter-la-valeur-vie-client-grace-a-lengagement-multicanal-automatise\/?portfolioCats=37%2C31%2C38%2C26\" class=\"fusion-button fusion-button-default fusion-button-default-size fusion-button-flat\">En savoir plus<\/a><\/div><\/div><\/div><\/div><div class=\"fusion-clearfix\"><\/div><div class=\"fusion-separator sep-double\"><\/div><\/article><article id=\"portfolio-1-post-5559\" class=\"fusion-portfolio-post guide fusion-col-spacing post-5559\"><div class=\"fusion-portfolio-content-wrapper\" style=\"border:none;\"><span class=\"vcard rich-snippet-hidden\"><span class=\"fn\"><a href=\"https:\/\/symplify.com\/fr\/author\/vanessa-gratton\/\" title=\"Articles par Vanessa Gratton\" rel=\"author\">Vanessa Gratton<\/a><\/span><\/span><span class=\"updated rich-snippet-hidden\">2026-03-11T08:49:33+00:00<\/span><div  class=\"fusion-image-wrapper\" aria-haspopup=\"true\">\n\t\t\t\t<img decoding=\"async\" width=\"1080\" height=\"720\" src=\"https:\/\/symplify.com\/wp-content\/uploads\/2022\/10\/mockup-Symplify-eBook-RFM-FR-small-crop.png\" class=\"attachment-full size-full wp-post-image\" alt=\"Comment cibler les clients \u00e0 haut rendement gr\u00e2ce \u00e0 l&#039;analyse RFM?\" srcset=\"https:\/\/symplify.com\/wp-content\/uploads\/2022\/10\/mockup-Symplify-eBook-RFM-FR-small-crop-200x133.png 200w, https:\/\/symplify.com\/wp-content\/uploads\/2022\/10\/mockup-Symplify-eBook-RFM-FR-small-crop-400x267.png 400w, https:\/\/symplify.com\/wp-content\/uploads\/2022\/10\/mockup-Symplify-eBook-RFM-FR-small-crop-600x400.png 600w, https:\/\/symplify.com\/wp-content\/uploads\/2022\/10\/mockup-Symplify-eBook-RFM-FR-small-crop-800x533.png 800w, https:\/\/symplify.com\/wp-content\/uploads\/2022\/10\/mockup-Symplify-eBook-RFM-FR-small-crop.png 1080w\" sizes=\"(min-width: 2200px) 100vw, (min-width: 640px) 1100px, \" \/><div class=\"fusion-rollover\">\n\t<div class=\"fusion-rollover-content\">\n\n\t\t\t\t\t\t\t\t\t\t\t\t\t\t<a class=\"fusion-rollover-link\" href=\"https:\/\/symplify.com\/fr\/content\/comment-cibler-les-clients-a-haut-rendement-grace-a-lanalyse-rfm\/?portfolioCats=37%2C31%2C38%2C26\">Comment cibler les clients \u00e0 haut rendement gr\u00e2ce \u00e0 l&rsquo;analyse RFM?<\/a>\n\t\t\t\n\t\t\t\t\t\t\t\t\t\t\t\t\t\t\n\t\t\t\t\t\t\t\t\n\t\t\t\t\t\t\t\t\t\t\t\t\t<div class=\"fusion-rollover-sep\"><\/div>\n\t\t\t\t\n\t\t\t\t\t\t\t\t\t\t\t\t\t\t\t\t\t\t<a class=\"fusion-rollover-gallery\" href=\"https:\/\/symplify.com\/wp-content\/uploads\/2022\/10\/mockup-Symplify-eBook-RFM-FR-small-crop.png\" data-options=\"\" data-id=\"5559\" data-rel=\"iLightbox[gallery-rw-1]\" data-title=\"mockup - Symplify eBook RFM - FR - small - crop\" data-caption=\"\">\n\t\t\t\t\t\tGallery\t\t\t\t\t<\/a>\n\t\t\t\t\t\t\t\t\t\t\t\t\t\t\n\t\t\n\t\t\t\t\t\t\t\t\t\t\t\t<h4 class=\"fusion-rollover-title\">\n\t\t\t\t\t<a class=\"fusion-rollover-title-link\" href=\"https:\/\/symplify.com\/fr\/content\/comment-cibler-les-clients-a-haut-rendement-grace-a-lanalyse-rfm\/?portfolioCats=37%2C31%2C38%2C26\">\n\t\t\t\t\t\tComment cibler les clients \u00e0 haut rendement gr\u00e2ce \u00e0 l&rsquo;analyse RFM?\t\t\t\t\t<\/a>\n\t\t\t\t<\/h4>\n\t\t\t\n\t\t\t\t\t\t\t\t\t\t<div class=\"fusion-rollover-categories\"><a href=\"https:\/\/symplify.com\/fr\/portfolio_category\/guide\/\" rel=\"tag\">Guide<\/a><\/div>\t\t\t\t\t\n\t\t\n\t\t\t\t\t\t<a class=\"fusion-link-wrapper\" href=\"https:\/\/symplify.com\/fr\/content\/comment-cibler-les-clients-a-haut-rendement-grace-a-lanalyse-rfm\/?portfolioCats=37%2C31%2C38%2C26\" aria-label=\"Comment cibler les clients \u00e0 haut rendement gr\u00e2ce \u00e0 l&rsquo;analyse RFM?\"><\/a>\n\t<\/div>\n<\/div>\n<\/div>\n<div class=\"fusion-portfolio-content\"><h2 class=\"entry-title fusion-post-title\"><a href=\"https:\/\/symplify.com\/fr\/content\/comment-cibler-les-clients-a-haut-rendement-grace-a-lanalyse-rfm\/?portfolioCats=37%2C31%2C38%2C26\">Comment cibler les clients \u00e0 haut rendement gr\u00e2ce \u00e0 l&rsquo;analyse RFM?<\/a><\/h2><div class=\"fusion-portfolio-meta\"><a href=\"https:\/\/symplify.com\/fr\/portfolio_category\/guide\/\" rel=\"tag\">Guide<\/a><\/div><div class=\"fusion-post-content\"><p>Ce guide sur la segmentation RFM vous aidera \u00e0 mieux conna\u00eetre vos clients, \u00e0 mieux r\u00e9pondre \u00e0 leurs besoins et ainsi \u00e0 augmenter vos revenus en ligne.<\/p><div class=\"fusion-portfolio-buttons\"><a href=\"https:\/\/symplify.com\/fr\/content\/comment-cibler-les-clients-a-haut-rendement-grace-a-lanalyse-rfm\/?portfolioCats=37%2C31%2C38%2C26\" class=\"fusion-button fusion-button-default fusion-button-default-size fusion-button-flat\">En savoir plus<\/a><\/div><\/div><\/div><\/div><div class=\"fusion-clearfix\"><\/div><div class=\"fusion-separator sep-double\"><\/div><\/article><article id=\"portfolio-1-post-8136\" class=\"fusion-portfolio-post guide fusion-col-spacing post-8136\"><div class=\"fusion-portfolio-content-wrapper\" style=\"border:none;\"><span class=\"vcard rich-snippet-hidden\"><span class=\"fn\"><a href=\"https:\/\/symplify.com\/fr\/author\/vanessa-gratton\/\" title=\"Articles par Vanessa Gratton\" rel=\"author\">Vanessa Gratton<\/a><\/span><\/span><span class=\"updated rich-snippet-hidden\">2026-03-11T09:13:22+00:00<\/span><div  class=\"fusion-image-wrapper\" aria-haspopup=\"true\">\n\t\t\t\t<img decoding=\"async\" width=\"1034\" height=\"689\" src=\"https:\/\/symplify.com\/wp-content\/uploads\/2022\/06\/MU_Cahier-strategies-OBNL-1.jpg\" class=\"attachment-full size-full wp-post-image\" alt=\"Le cahier de strat\u00e9gies pour OBNL\" srcset=\"https:\/\/symplify.com\/wp-content\/uploads\/2022\/06\/MU_Cahier-strategies-OBNL-1-200x133.jpg 200w, https:\/\/symplify.com\/wp-content\/uploads\/2022\/06\/MU_Cahier-strategies-OBNL-1-400x267.jpg 400w, https:\/\/symplify.com\/wp-content\/uploads\/2022\/06\/MU_Cahier-strategies-OBNL-1-600x400.jpg 600w, https:\/\/symplify.com\/wp-content\/uploads\/2022\/06\/MU_Cahier-strategies-OBNL-1-800x533.jpg 800w, https:\/\/symplify.com\/wp-content\/uploads\/2022\/06\/MU_Cahier-strategies-OBNL-1.jpg 1034w\" sizes=\"(min-width: 2200px) 100vw, (min-width: 640px) 1100px, \" \/><div class=\"fusion-rollover\">\n\t<div class=\"fusion-rollover-content\">\n\n\t\t\t\t\t\t\t\t\t\t\t\t\t\t<a class=\"fusion-rollover-link\" href=\"https:\/\/symplify.com\/fr\/content\/le-cahier-de-strategies-pour-obnl\/?portfolioCats=37%2C31%2C38%2C26\">Le cahier de strat\u00e9gies pour OBNL<\/a>\n\t\t\t\n\t\t\t\t\t\t\t\t\t\t\t\t\t\t\n\t\t\t\t\t\t\t\t\n\t\t\t\t\t\t\t\t\t\t\t\t\t<div class=\"fusion-rollover-sep\"><\/div>\n\t\t\t\t\n\t\t\t\t\t\t\t\t\t\t\t\t\t\t\t\t\t\t<a class=\"fusion-rollover-gallery\" href=\"https:\/\/symplify.com\/wp-content\/uploads\/2022\/06\/MU_Cahier-strategies-OBNL-1.jpg\" data-options=\"\" data-id=\"8136\" data-rel=\"iLightbox[gallery-rw-1]\" data-title=\"MU_Cahier-strategies-OBNL\" data-caption=\"\">\n\t\t\t\t\t\tGallery\t\t\t\t\t<\/a>\n\t\t\t\t\t\t\t\t\t\t\t\t\t\t\n\t\t\n\t\t\t\t\t\t\t\t\t\t\t\t<h4 class=\"fusion-rollover-title\">\n\t\t\t\t\t<a class=\"fusion-rollover-title-link\" href=\"https:\/\/symplify.com\/fr\/content\/le-cahier-de-strategies-pour-obnl\/?portfolioCats=37%2C31%2C38%2C26\">\n\t\t\t\t\t\tLe cahier de strat\u00e9gies pour OBNL\t\t\t\t\t<\/a>\n\t\t\t\t<\/h4>\n\t\t\t\n\t\t\t\t\t\t\t\t\t\t<div class=\"fusion-rollover-categories\"><a href=\"https:\/\/symplify.com\/fr\/portfolio_category\/guide\/\" rel=\"tag\">Guide<\/a><\/div>\t\t\t\t\t\n\t\t\n\t\t\t\t\t\t<a class=\"fusion-link-wrapper\" href=\"https:\/\/symplify.com\/fr\/content\/le-cahier-de-strategies-pour-obnl\/?portfolioCats=37%2C31%2C38%2C26\" aria-label=\"Le cahier de strat\u00e9gies pour OBNL\"><\/a>\n\t<\/div>\n<\/div>\n<\/div>\n<div class=\"fusion-portfolio-content\"><h2 class=\"entry-title fusion-post-title\"><a href=\"https:\/\/symplify.com\/fr\/content\/le-cahier-de-strategies-pour-obnl\/?portfolioCats=37%2C31%2C38%2C26\">Le cahier de strat\u00e9gies pour OBNL<\/a><\/h2><div class=\"fusion-portfolio-meta\"><a href=\"https:\/\/symplify.com\/fr\/portfolio_category\/guide\/\" rel=\"tag\">Guide<\/a><\/div><div class=\"fusion-post-content\"><p>Ce guide vous aidera \u00e0 lib\u00e9rer tout le potentiel de votre base de donateurs gr\u00e2ce \u00e0 l'optimisation des conversions et \u00e0 l'automatisation de l'engagement des donateurs.<\/p><div class=\"fusion-portfolio-buttons\"><a href=\"https:\/\/symplify.com\/fr\/content\/le-cahier-de-strategies-pour-obnl\/?portfolioCats=37%2C31%2C38%2C26\" class=\"fusion-button fusion-button-default fusion-button-default-size fusion-button-flat\">En savoir plus<\/a><\/div><\/div><\/div><\/div><div class=\"fusion-clearfix\"><\/div><div class=\"fusion-separator sep-double\"><\/div><\/article><article id=\"portfolio-1-post-4588\" class=\"fusion-portfolio-post guide fusion-col-spacing post-4588\"><div class=\"fusion-portfolio-content-wrapper\" style=\"border:none;\"><span class=\"vcard rich-snippet-hidden\"><span class=\"fn\"><a href=\"https:\/\/symplify.com\/fr\/author\/vanessa-gratton\/\" title=\"Articles par Vanessa Gratton\" rel=\"author\">Vanessa Gratton<\/a><\/span><\/span><span class=\"updated rich-snippet-hidden\">2026-03-11T08:45:29+00:00<\/span><div  class=\"fusion-image-wrapper\" aria-haspopup=\"true\">\n\t\t\t\t\t\t\t<div class=\"fusion-placeholder-image\" data-origheight=\"150\" data-origwidth=\"100%\" style=\"width:100%;height:150px;\"><\/div>\n\t\t<div class=\"fusion-rollover\">\n\t<div class=\"fusion-rollover-content\">\n\n\t\t\t\t\t\t\t\t\t\t\t\t\t\t<a class=\"fusion-rollover-link\" href=\"https:\/\/symplify.com\/fr\/content\/guide-sur-la-transformation-numerique-du-commerce-de-detail-2022\/?portfolioCats=37%2C31%2C38%2C26\">Guide sur la transformation nume\u0301rique du commerce de de\u0301tail 2022<\/a>\n\t\t\t\n\t\t\t\t\t\t\t\t\t\t\t\t\t\t\n\t\t\t\t\t\t\t\t\n\t\t\t\t\t\t\t\t\n\t\t\t\t\t\t\t\t\t\t\t\t\t\n\t\t\n\t\t\t\t\t\t\t\t\t\t\t\t<h4 class=\"fusion-rollover-title\">\n\t\t\t\t\t<a class=\"fusion-rollover-title-link\" href=\"https:\/\/symplify.com\/fr\/content\/guide-sur-la-transformation-numerique-du-commerce-de-detail-2022\/?portfolioCats=37%2C31%2C38%2C26\">\n\t\t\t\t\t\tGuide sur la transformation nume\u0301rique du commerce de de\u0301tail 2022\t\t\t\t\t<\/a>\n\t\t\t\t<\/h4>\n\t\t\t\n\t\t\t\t\t\t\t\t\t\t<div class=\"fusion-rollover-categories\"><a href=\"https:\/\/symplify.com\/fr\/portfolio_category\/guide\/\" rel=\"tag\">Guide<\/a><\/div>\t\t\t\t\t\n\t\t\n\t\t\t\t\t\t<a class=\"fusion-link-wrapper\" href=\"https:\/\/symplify.com\/fr\/content\/guide-sur-la-transformation-numerique-du-commerce-de-detail-2022\/?portfolioCats=37%2C31%2C38%2C26\" aria-label=\"Guide sur la transformation nume\u0301rique du commerce de de\u0301tail 2022\"><\/a>\n\t<\/div>\n<\/div>\n<\/div>\n<div class=\"fusion-portfolio-content\"><h2 class=\"entry-title fusion-post-title\"><a href=\"https:\/\/symplify.com\/fr\/content\/guide-sur-la-transformation-numerique-du-commerce-de-detail-2022\/?portfolioCats=37%2C31%2C38%2C26\">Guide sur la transformation nume\u0301rique du commerce de de\u0301tail 2022<\/a><\/h2><div class=\"fusion-portfolio-meta\"><a href=\"https:\/\/symplify.com\/fr\/portfolio_category\/guide\/\" rel=\"tag\">Guide<\/a><\/div><div class=\"fusion-post-content\"><p>Le guide pour vous aider \u00e0 \u00e9laborer et \u00e0 mettre en \u0153uvre une strat\u00e9gie de transformation num\u00e9rique r\u00e9ussie.<\/p><div class=\"fusion-portfolio-buttons\"><a href=\"https:\/\/symplify.com\/fr\/content\/guide-sur-la-transformation-numerique-du-commerce-de-detail-2022\/?portfolioCats=37%2C31%2C38%2C26\" class=\"fusion-button fusion-button-default fusion-button-default-size fusion-button-flat\">En savoir plus<\/a><\/div><\/div><\/div><\/div><div class=\"fusion-clearfix\"><\/div><div class=\"fusion-separator sep-double\"><\/div><\/article><\/div><\/div><\/div><\/div><\/div><\/div>\n","protected":false},"excerpt":{"rendered":"","protected":false},"author":5,"featured_media":0,"parent":0,"menu_order":0,"comment_status":"closed","ping_status":"closed","template":"100-width.php","meta":{"inline_featured_image":false,"footnotes":""},"class_list":["post-1346","page","type-page","status-publish","hentry"],"_links":{"self":[{"href":"https:\/\/symplify.com\/fr\/wp-json\/wp\/v2\/pages\/1346","targetHints":{"allow":["GET"]}}],"collection":[{"href":"https:\/\/symplify.com\/fr\/wp-json\/wp\/v2\/pages"}],"about":[{"href":"https:\/\/symplify.com\/fr\/wp-json\/wp\/v2\/types\/page"}],"author":[{"embeddable":true,"href":"https:\/\/symplify.com\/fr\/wp-json\/wp\/v2\/users\/5"}],"replies":[{"embeddable":true,"href":"https:\/\/symplify.com\/fr\/wp-json\/wp\/v2\/comments?post=1346"}],"version-history":[{"count":8,"href":"https:\/\/symplify.com\/fr\/wp-json\/wp\/v2\/pages\/1346\/revisions"}],"predecessor-version":[{"id":13070,"href":"https:\/\/symplify.com\/fr\/wp-json\/wp\/v2\/pages\/1346\/revisions\/13070"}],"wp:attachment":[{"href":"https:\/\/symplify.com\/fr\/wp-json\/wp\/v2\/media?parent=1346"}],"curies":[{"name":"wp","href":"https:\/\/api.w.org\/{rel}","templated":true}]}}